{"id":7151,"date":"2025-03-10T07:33:57","date_gmt":"2025-03-10T06:33:57","guid":{"rendered":"https:\/\/studiotendresse.com\/?page_id=7151"},"modified":"2025-12-28T14:48:07","modified_gmt":"2025-12-28T13:48:07","slug":"seance-photo-grossesse","status":"publish","type":"page","link":"https:\/\/studiotendresse.com\/index.php\/seance-photo-grossesse\/","title":{"rendered":"Les s\u00e9ances Photo de Grossesse"},"content":{"rendered":"\t\t<div data-elementor-type=\"wp-page\" data-elementor-id=\"7151\" class=\"elementor elementor-7151\" data-elementor-post-type=\"page\">\n\t\t\t\t<div class=\"elementor-element elementor-element-fe8ad9c e-flex e-con-boxed e-con e-parent\" data-id=\"fe8ad9c\" data-element_type=\"container\" data-e-type=\"container\">\n\t\t\t\t\t<div class=\"e-con-inner\">\n\t\t\t\t<div class=\"elementor-element elementor-element-60e046a elementor-widget elementor-widget-heading\" data-id=\"60e046a\" data-element_type=\"widget\" data-e-type=\"widget\" data-widget_type=\"heading.default\">\n\t\t\t\t<div class=\"elementor-widget-container\">\n\t\t\t\t\t<h2 class=\"elementor-heading-title elementor-size-default\">Immortalisez votre grossesse - Thionville, Metz, Luxembourg<\/h2>\t\t\t\t<\/div>\n\t\t\t\t<\/div>\n\t\t\t\t<div class=\"elementor-element elementor-element-4d0f9d7 elementor-widget elementor-widget-text-editor\" data-id=\"4d0f9d7\" data-element_type=\"widget\" data-e-type=\"widget\" data-widget_type=\"text-editor.default\">\n\t\t\t\t<div class=\"elementor-widget-container\">\n\t\t\t\t\t\t\t\t\t<p>Chez Studio Tendresse, je vous propose diff\u00e9rentes s\u00e9ances photo de grossesse adapt\u00e9es \u00e0 votre budget et vos envies :<\/p><p>* S\u00e9ance photo Studio<br \/>* S\u00e9ance photo Boh\u00e8me<\/p><p>Chaque future maman m\u00e9rite des souvenirs uniques de cette p\u00e9riode magique et \u00e9ph\u00e9m\u00e8re dans la vie d&rsquo;une femme<\/p><p>D\u00e9couvrez les diff\u00e9rents styles et choisissez celui qui vous correspond le mieux !<\/p>\t\t\t\t\t\t\t\t<\/div>\n\t\t\t\t<\/div>\n\t\t\t\t\t<\/div>\n\t\t\t\t<\/div>\n\t\t<div class=\"elementor-element elementor-element-4af7252 e-grid e-con-boxed e-con e-parent\" data-id=\"4af7252\" data-element_type=\"container\" data-e-type=\"container\">\n\t\t\t\t\t<div class=\"e-con-inner\">\n\t\t\t\t<div class=\"elementor-element elementor-element-71e06c0 elementor-cta--skin-classic elementor-animated-content elementor-bg-transform elementor-bg-transform-zoom-in elementor-widget elementor-widget-call-to-action\" data-id=\"71e06c0\" data-element_type=\"widget\" data-e-type=\"widget\" data-widget_type=\"call-to-action.default\">\n\t\t\t\t<div class=\"elementor-widget-container\">\n\t\t\t\t\t\t\t<div class=\"elementor-cta\">\n\t\t\t\t\t<div class=\"elementor-cta__bg-wrapper\">\n\t\t\t\t<div class=\"elementor-cta__bg elementor-bg\" style=\"background-image: url(https:\/\/studiotendresse.com\/wp-content\/uploads\/2024\/05\/5-1024x683.webp);\" role=\"img\" aria-label=\"Photographe d&#039;une femme enceinte en noir et blanc. Allong\u00e9e au sol, la future maman est de profil.\"><\/div>\n\t\t\t\t<div class=\"elementor-cta__bg-overlay\"><\/div>\n\t\t\t<\/div>\n\t\t\t\t\t\t\t<div class=\"elementor-cta__content\">\n\t\t\t\t\n\t\t\t\t\t\t\t\t\t<h2 class=\"elementor-cta__title elementor-cta__content-item elementor-content-item\">\n\t\t\t\t\t\tPhoto de Grossesse Studio\t\t\t\t\t<\/h2>\n\t\t\t\t\n\t\t\t\t\t\t\t\t\t<div class=\"elementor-cta__description elementor-cta__content-item elementor-content-item\">\n\t\t\t\t\t\tClassique, Mode, Contemporaine\t\t\t\t\t<\/div>\n\t\t\t\t\n\t\t\t\t\t\t\t\t\t<div class=\"elementor-cta__button-wrapper elementor-cta__content-item elementor-content-item \">\n\t\t\t\t\t<a class=\"elementor-cta__button elementor-button elementor-size-\" href=\"https:\/\/studiotendresse.com\/index.php\/seance-photo-grossesse\/seance-photo-grossesse\/\" target=\"_blank\">\n\t\t\t\t\t\tInformations et r\u00e9servation\t\t\t\t\t<\/a>\n\t\t\t\t\t<\/div>\n\t\t\t\t\t\t\t<\/div>\n\t\t\t\t\t\t<\/div>\n\t\t\t\t\t\t<\/div>\n\t\t\t\t<\/div>\n\t\t\t\t<div class=\"elementor-element elementor-element-f660b46 elementor-cta--skin-classic elementor-animated-content elementor-bg-transform elementor-bg-transform-zoom-in elementor-widget elementor-widget-call-to-action\" data-id=\"f660b46\" data-element_type=\"widget\" data-e-type=\"widget\" data-widget_type=\"call-to-action.default\">\n\t\t\t\t<div class=\"elementor-widget-container\">\n\t\t\t\t\t\t\t<div class=\"elementor-cta\">\n\t\t\t\t\t<div class=\"elementor-cta__bg-wrapper\">\n\t\t\t\t<div class=\"elementor-cta__bg elementor-bg\" style=\"background-image: url(https:\/\/studiotendresse.com\/wp-content\/uploads\/2025\/08\/8-1024x681.webp);\" role=\"img\" aria-label=\"Evoto\"><\/div>\n\t\t\t\t<div class=\"elementor-cta__bg-overlay\"><\/div>\n\t\t\t<\/div>\n\t\t\t\t\t\t\t<div class=\"elementor-cta__content\">\n\t\t\t\t\n\t\t\t\t\t\t\t\t\t<h2 class=\"elementor-cta__title elementor-cta__content-item elementor-content-item\">\n\t\t\t\t\t\tPhoto de Grossesse Boh\u00e8me\t\t\t\t\t<\/h2>\n\t\t\t\t\n\t\t\t\t\t\t\t\t\t<div class=\"elementor-cta__description elementor-cta__content-item elementor-content-item\">\n\t\t\t\t\t\tDans un d\u00e9cor Boh\u00e8me aux tonalit\u00e9s naturelles\t\t\t\t\t<\/div>\n\t\t\t\t\n\t\t\t\t\t\t\t\t\t<div class=\"elementor-cta__button-wrapper elementor-cta__content-item elementor-content-item \">\n\t\t\t\t\t<a class=\"elementor-cta__button elementor-button elementor-size-\" href=\"https:\/\/studiotendresse.com\/index.php\/les-seances-grossesse\/seance-photo-de-grossesse-boheme\/\" target=\"_blank\">\n\t\t\t\t\t\tInformations et r\u00e9servations\t\t\t\t\t<\/a>\n\t\t\t\t\t<\/div>\n\t\t\t\t\t\t\t<\/div>\n\t\t\t\t\t\t<\/div>\n\t\t\t\t\t\t<\/div>\n\t\t\t\t<\/div>\n\t\t\t\t\t<\/div>\n\t\t\t\t<\/div>\n\t\t\t\t<\/div>\n\t\t","protected":false},"excerpt":{"rendered":"<p>Immortalisez votre grossesse &#8211; Thionville, Metz, Luxembourg Chez Studio Tendresse, je vous propose diff\u00e9rentes s\u00e9ances photo de grossesse adapt\u00e9es \u00e0 votre budget et vos envies &hellip; <\/p>\n","protected":false},"author":1,"featured_media":0,"parent":0,"menu_order":0,"comment_status":"closed","ping_status":"closed","template":"","meta":{"_monsterinsights_skip_tracking":false,"_monsterinsights_sitenote_active":false,"_monsterinsights_sitenote_note":"","_monsterinsights_sitenote_category":0,"footnotes":""},"class_list":["post-7151","page","type-page","status-publish","hentry","latest_post"],"aioseo_notices":[],"_links":{"self":[{"href":"https:\/\/studiotendresse.com\/index.php\/wp-json\/wp\/v2\/pages\/7151","targetHints":{"allow":["GET"]}}],"collection":[{"href":"https:\/\/studiotendresse.com\/index.php\/wp-json\/wp\/v2\/pages"}],"about":[{"href":"https:\/\/studiotendresse.com\/index.php\/wp-json\/wp\/v2\/types\/page"}],"author":[{"embeddable":true,"href":"https:\/\/studiotendresse.com\/index.php\/wp-json\/wp\/v2\/users\/1"}],"replies":[{"embeddable":true,"href":"https:\/\/studiotendresse.com\/index.php\/wp-json\/wp\/v2\/comments?post=7151"}],"version-history":[{"count":15,"href":"https:\/\/studiotendresse.com\/index.php\/wp-json\/wp\/v2\/pages\/7151\/revisions"}],"predecessor-version":[{"id":8464,"href":"https:\/\/studiotendresse.com\/index.php\/wp-json\/wp\/v2\/pages\/7151\/revisions\/8464"}],"wp:attachment":[{"href":"https:\/\/studiotendresse.com\/index.php\/wp-json\/wp\/v2\/media?parent=7151"}],"curies":[{"name":"wp","href":"https:\/\/api.w.org\/{rel}","templated":true}]}}